{"id":7809,"date":"2025-11-19T10:37:20","date_gmt":"2025-11-19T02:37:20","guid":{"rendered":"https:\/\/bestcbradio.com\/?post_type=product&#038;p=7809"},"modified":"2026-01-08T15:32:06","modified_gmt":"2026-01-08T07:32:06","slug":"luiton-lt-458-uhf-2-way-radio","status":"publish","type":"product","link":"https:\/\/bestcbradio.com\/pt\/produto\/radio-bidirecional-luiton-lt-458-uhf\/","title":{"rendered":"R\u00e1dio bidirecional UHF Luiton LT-458 (2 unidades)"},"content":{"rendered":"<div class=\"wp-block-columns are-vertically-aligned-center is-layout-flex wp-container-core-columns-is-layout-28f84493 wp-block-columns-is-layout-flex\"><div class=\"wp-block-column is-vertically-aligned-center is-layout-flow wp-block-column-is-layout-flow\"><figure class=\"wp-block-image size-full\"><img fetchpriority=\"high\" decoding=\"async\" width=\"500\" height=\"500\" src=\"https:\/\/bestcbradio.com\/wp-content\/uploads\/lt-458-handheld-2-way-radio-uhf-feature-01.webp\" alt=\"lt 458 r\u00e1dio port\u00e1til de 2 vias uhf carater\u00edstica 01\" class=\"wp-image-7805\" srcset=\"https:\/\/bestcbradio.com\/wp-content\/uploads\/lt-458-handheld-2-way-radio-uhf-feature-01.webp 500w, https:\/\/bestcbradio.com\/wp-content\/uploads\/lt-458-handheld-2-way-radio-uhf-feature-01-300x300.webp 300w, https:\/\/bestcbradio.com\/wp-content\/uploads\/lt-458-handheld-2-way-radio-uhf-feature-01-150x150.webp 150w, https:\/\/bestcbradio.com\/wp-content\/uploads\/lt-458-handheld-2-way-radio-uhf-feature-01-441x441.webp 441w, https:\/\/bestcbradio.com\/wp-content\/uploads\/lt-458-handheld-2-way-radio-uhf-feature-01-100x100.webp 100w\" sizes=\"(max-width: 500px) 100vw, 500px\" \/><\/figure><\/div>\n\n<div class=\"wp-block-column is-vertically-aligned-center is-layout-flow wp-block-column-is-layout-flow\" style=\"flex-basis:40%\"><h3 class=\"wp-block-heading\">16 canais de mem\u00f3ria<\/h3>\n\n<p>Com 16 canais de mem\u00f3ria predefinidos, os utilizadores podem alternar rapidamente entre canais para se manterem ligados e comunicarem eficazmente com os outros.<\/p>\n\n<h3 class=\"wp-block-heading\">Vida \u00fatil da bateria robusta<\/h3>\n\n<p>O r\u00e1dio \u00e9 alimentado por uma bateria de 1500mAh, garantindo uma utiliza\u00e7\u00e3o duradoura durante actividades ao ar livre, como caminhadas ou campismo, sem necessidade de recargas frequentes.<\/p>\n\n<p><\/p><\/div><\/div><div style=\"height:30px\" aria-hidden=\"true\" class=\"wp-block-spacer\"><\/div><div class=\"wp-block-columns are-vertically-aligned-center is-layout-flex wp-container-core-columns-is-layout-28f84493 wp-block-columns-is-layout-flex\"><div class=\"wp-block-column is-vertically-aligned-center is-layout-flow wp-block-column-is-layout-flow\"><h2 class=\"wp-block-heading\">Compacto e port\u00e1til<\/h2>\n\n<p>O seu design leve torna este r\u00e1dio f\u00e1cil de transportar, o que o torna uma \u00f3ptima escolha para aventuras ao ar livre ou situa\u00e7\u00f5es de emerg\u00eancia em que a portabilidade \u00e9 importante.<\/p>\n\n<h3 class=\"wp-block-heading\">Durabilidade em condi\u00e7\u00f5es extremas<\/h3>\n\n<p>Este r\u00e1dio foi constru\u00eddo para operar em temperaturas de -20 \u2103 a +50 \u2103, tornando-o confi\u00e1vel para uso em v\u00e1rias condi\u00e7\u00f5es clim\u00e1ticas e ambientes.<\/p>\n\n<p><\/p><\/div>\n\n<div class=\"wp-block-column is-vertically-aligned-center is-layout-flow wp-block-column-is-layout-flow\" style=\"flex-basis:60%\"><figure class=\"wp-block-image size-full\"><img decoding=\"async\" width=\"500\" height=\"500\" src=\"https:\/\/bestcbradio.com\/wp-content\/uploads\/lt-458-handheld-2-way-radio-uhf-feature-02.webp\" alt=\"lt 458 r\u00e1dio port\u00e1til de 2 vias uhf carater\u00edstica 02\" class=\"wp-image-7806\" srcset=\"https:\/\/bestcbradio.com\/wp-content\/uploads\/lt-458-handheld-2-way-radio-uhf-feature-02.webp 500w, https:\/\/bestcbradio.com\/wp-content\/uploads\/lt-458-handheld-2-way-radio-uhf-feature-02-300x300.webp 300w, https:\/\/bestcbradio.com\/wp-content\/uploads\/lt-458-handheld-2-way-radio-uhf-feature-02-150x150.webp 150w, https:\/\/bestcbradio.com\/wp-content\/uploads\/lt-458-handheld-2-way-radio-uhf-feature-02-441x441.webp 441w, https:\/\/bestcbradio.com\/wp-content\/uploads\/lt-458-handheld-2-way-radio-uhf-feature-02-100x100.webp 100w\" sizes=\"(max-width: 500px) 100vw, 500px\" \/><\/figure><\/div><\/div><p><br><br><\/p><div class=\"wp-block-columns are-vertically-aligned-center is-layout-flex wp-container-core-columns-is-layout-28f84493 wp-block-columns-is-layout-flex\"><div class=\"wp-block-column is-vertically-aligned-center is-layout-flow wp-block-column-is-layout-flow\"><figure class=\"wp-block-image size-full\"><img decoding=\"async\" width=\"500\" height=\"500\" src=\"https:\/\/bestcbradio.com\/wp-content\/uploads\/lt-458-handheld-2-way-radio-uhf-feature-03.webp\" alt=\"lt 458 r\u00e1dio port\u00e1til de 2 vias uhf carater\u00edstica 03\" class=\"wp-image-7807\" srcset=\"https:\/\/bestcbradio.com\/wp-content\/uploads\/lt-458-handheld-2-way-radio-uhf-feature-03.webp 500w, https:\/\/bestcbradio.com\/wp-content\/uploads\/lt-458-handheld-2-way-radio-uhf-feature-03-300x300.webp 300w, https:\/\/bestcbradio.com\/wp-content\/uploads\/lt-458-handheld-2-way-radio-uhf-feature-03-150x150.webp 150w, https:\/\/bestcbradio.com\/wp-content\/uploads\/lt-458-handheld-2-way-radio-uhf-feature-03-441x441.webp 441w, https:\/\/bestcbradio.com\/wp-content\/uploads\/lt-458-handheld-2-way-radio-uhf-feature-03-100x100.webp 100w\" sizes=\"(max-width: 500px) 100vw, 500px\" \/><\/figure><\/div>\n\n<div class=\"wp-block-column is-vertically-aligned-center is-layout-flow wp-block-column-is-layout-flow\" style=\"flex-basis:40%\"><h2 class=\"wp-block-heading\">O que est\u00e1 na caixa<\/h2>\n\n<p>2 *LT-458 R\u00e1dio de 2 vias port\u00e1til<br>2 * cabos de carregamento<br>2 * antena<br>2 * pilhas<br>2 * clipes para cinto<br>2 *Al\u00e7a de m\u00e3o<\/p>\n\n<p><\/p><\/div><\/div>","protected":false},"excerpt":{"rendered":"<details open>\n<summary>Pontos de venda do produto<\/summary>\n<div class=\"cg-accordion-item\"> Capacidade da bateria de 1500mAh<br \/>\n\u2714UHF: 400-470MHZ<br \/>\nAt\u00e9 16 canais<br \/>\nCarregamento r\u00e1pido USB<br \/>\nSer program\u00e1vel<br \/>\nTOT,CTCSS,DCS<br \/>\n2 embalagens num grupo<br \/>\nAntena<\/div>\n<\/details>\n<details >\n<summary>Qualidade de \u00e1udio n\u00edtida<\/summary>\n<div class=\"cg-accordion-item\"> O r\u00e1dio proporciona um \u00e1udio n\u00edtido com uma distor\u00e7\u00e3o m\u00e1xima de 10%, assegurando que as conversas s\u00e3o f\u00e1ceis de compreender e comunicar eficazmente. <\/div>\n<\/details>\n<details >\n<summary>Supress\u00e3o eficaz da desordem<\/summary>\n<div class=\"cg-accordion-item\"> Equipado com tecnologia avan\u00e7ada de recetor, este r\u00e1dio oferece uma supress\u00e3o de ru\u00eddo de 65dB, reduzindo o ru\u00eddo de fundo e aumentando a clareza dos sinais recebidos. <\/div>\n<\/details>","protected":false},"featured_media":7800,"comment_status":"open","ping_status":"closed","template":"","meta":{"_seopress_robots_primary_cat":"none","_seopress_titles_title":"Handheld CB Radio - UHF 400-470MHz,16 channels|Luiton","_seopress_titles_desc":"","_seopress_robots_index":""},"product_brand":[54],"product_cat":[62],"product_tag":[],"class_list":{"0":"post-7809","1":"product","2":"type-product","3":"status-publish","4":"has-post-thumbnail","6":"product_brand-luiton","7":"product_cat-handheld-two-way-radio","9":"first","10":"instock","11":"sale","12":"shipping-taxable","13":"purchasable","14":"product-type-variable","15":"has-default-attributes"},"_links":{"self":[{"href":"https:\/\/bestcbradio.com\/pt\/wp-json\/wp\/v2\/product\/7809","targetHints":{"allow":["GET"]}}],"collection":[{"href":"https:\/\/bestcbradio.com\/pt\/wp-json\/wp\/v2\/product"}],"about":[{"href":"https:\/\/bestcbradio.com\/pt\/wp-json\/wp\/v2\/types\/product"}],"replies":[{"embeddable":true,"href":"https:\/\/bestcbradio.com\/pt\/wp-json\/wp\/v2\/comments?post=7809"}],"wp:featuredmedia":[{"embeddable":true,"href":"https:\/\/bestcbradio.com\/pt\/wp-json\/wp\/v2\/media\/7800"}],"wp:attachment":[{"href":"https:\/\/bestcbradio.com\/pt\/wp-json\/wp\/v2\/media?parent=7809"}],"wp:term":[{"taxonomy":"product_brand","embeddable":true,"href":"https:\/\/bestcbradio.com\/pt\/wp-json\/wp\/v2\/product_brand?post=7809"},{"taxonomy":"product_cat","embeddable":true,"href":"https:\/\/bestcbradio.com\/pt\/wp-json\/wp\/v2\/product_cat?post=7809"},{"taxonomy":"product_tag","embeddable":true,"href":"https:\/\/bestcbradio.com\/pt\/wp-json\/wp\/v2\/product_tag?post=7809"}],"curies":[{"name":"wp","href":"https:\/\/api.w.org\/{rel}","templated":true}]}}