{"id":7907,"date":"2025-11-21T14:56:57","date_gmt":"2025-11-21T06:56:57","guid":{"rendered":"https:\/\/bestcbradio.com\/?post_type=product&#038;p=7907"},"modified":"2026-03-16T11:50:19","modified_gmt":"2026-03-16T03:50:19","slug":"luiton-lt-1988-radio-para-veiculos","status":"publish","type":"product","link":"https:\/\/bestcbradio.com\/pt\/produto\/luiton-lt-1988-radio-para-veiculos\/","title":{"rendered":"R\u00e1dio para ve\u00edculos Luiton LT-1988"},"content":{"rendered":"<div class=\"wp-block-columns are-vertically-aligned-center is-layout-flex wp-container-core-columns-is-layout-28f84493 wp-block-columns-is-layout-flex\"><div class=\"wp-block-column is-vertically-aligned-center is-layout-flow wp-block-column-is-layout-flow\"><figure class=\"wp-block-image size-full\"><img fetchpriority=\"high\" decoding=\"async\" width=\"800\" height=\"500\" src=\"https:\/\/bestcbradio.com\/wp-content\/uploads\/long-range-cb-radio-with-199-channels-feature-01.webp\" alt=\"r\u00e1dio cb de longo alcance com 199 canais carater\u00edstica 01\" class=\"wp-image-7915\" srcset=\"https:\/\/bestcbradio.com\/wp-content\/uploads\/long-range-cb-radio-with-199-channels-feature-01.webp 800w, https:\/\/bestcbradio.com\/wp-content\/uploads\/long-range-cb-radio-with-199-channels-feature-01-300x188.webp 300w, https:\/\/bestcbradio.com\/wp-content\/uploads\/long-range-cb-radio-with-199-channels-feature-01-768x480.webp 768w, https:\/\/bestcbradio.com\/wp-content\/uploads\/long-range-cb-radio-with-199-channels-feature-01-441x276.webp 441w, https:\/\/bestcbradio.com\/wp-content\/uploads\/long-range-cb-radio-with-199-channels-feature-01-150x94.webp 150w\" sizes=\"(max-width: 800px) 100vw, 800px\" \/><\/figure><\/div>\n\n<div class=\"wp-block-column is-vertically-aligned-center is-layout-flow wp-block-column-is-layout-flow\" style=\"flex-basis:40%\"><h2 class=\"wp-block-heading\">Gama de frequ\u00eancias vers\u00e1til<\/h2>\n\n<p>Este r\u00e1dio funciona em tr\u00eas bandas de frequ\u00eancia: 66-88 MHz, 136-174 MHz e 400-470 MHz. Tem 199 canais e oferece espa\u00e7amento de canal largo e estreito para se adaptar a diferentes necessidades de comunica\u00e7\u00e3o.<\/p>\n\n<p><\/p>\n\n<p><\/p><\/div><\/div><div style=\"height:30px\" aria-hidden=\"true\" class=\"wp-block-spacer\"><\/div><div class=\"wp-block-columns are-vertically-aligned-center is-layout-flex wp-container-core-columns-is-layout-28f84493 wp-block-columns-is-layout-flex\"><div class=\"wp-block-column is-vertically-aligned-center is-layout-flow wp-block-column-is-layout-flow\"><h2 class=\"wp-block-heading\">Desempenho fi\u00e1vel<\/h2>\n\n<p>O r\u00e1dio tem uma grande estabilidade de frequ\u00eancia de \u00b12,5ppm, garantindo uma comunica\u00e7\u00e3o clara. Funciona eficientemente a 13,8V DC \u00b115%, tornando-o adequado para muitas configura\u00e7\u00f5es e ambientes diferentes.<\/p>\n\n<p><\/p>\n\n<p><\/p><\/div>\n\n<div class=\"wp-block-column is-vertically-aligned-center is-layout-flow wp-block-column-is-layout-flow\" style=\"flex-basis:60%\"><figure class=\"wp-block-image size-full\"><img decoding=\"async\" width=\"800\" height=\"500\" src=\"https:\/\/bestcbradio.com\/wp-content\/uploads\/long-range-cb-radio-with-199-channels-feature-02.webp\" alt=\"r\u00e1dio cb de longo alcance com 199 canais, carater\u00edstica 02\" class=\"wp-image-7916\" srcset=\"https:\/\/bestcbradio.com\/wp-content\/uploads\/long-range-cb-radio-with-199-channels-feature-02.webp 800w, https:\/\/bestcbradio.com\/wp-content\/uploads\/long-range-cb-radio-with-199-channels-feature-02-300x188.webp 300w, https:\/\/bestcbradio.com\/wp-content\/uploads\/long-range-cb-radio-with-199-channels-feature-02-768x480.webp 768w, https:\/\/bestcbradio.com\/wp-content\/uploads\/long-range-cb-radio-with-199-channels-feature-02-441x276.webp 441w, https:\/\/bestcbradio.com\/wp-content\/uploads\/long-range-cb-radio-with-199-channels-feature-02-150x94.webp 150w\" sizes=\"(max-width: 800px) 100vw, 800px\" \/><\/figure><\/div><\/div><div style=\"height:30px\" aria-hidden=\"true\" class=\"wp-block-spacer\"><\/div><div class=\"wp-block-columns are-vertically-aligned-center is-layout-flex wp-container-core-columns-is-layout-28f84493 wp-block-columns-is-layout-flex\"><div class=\"wp-block-column is-vertically-aligned-center is-layout-flow wp-block-column-is-layout-flow\"><figure class=\"wp-block-image size-full\"><img decoding=\"async\" width=\"800\" height=\"500\" src=\"https:\/\/bestcbradio.com\/wp-content\/uploads\/long-range-cb-radio-with-199-channels-feature-03.webp\" alt=\"r\u00e1dio cb de longo alcance com 199 canais carater\u00edstica 03\" class=\"wp-image-7917\" srcset=\"https:\/\/bestcbradio.com\/wp-content\/uploads\/long-range-cb-radio-with-199-channels-feature-03.webp 800w, https:\/\/bestcbradio.com\/wp-content\/uploads\/long-range-cb-radio-with-199-channels-feature-03-300x188.webp 300w, https:\/\/bestcbradio.com\/wp-content\/uploads\/long-range-cb-radio-with-199-channels-feature-03-768x480.webp 768w, https:\/\/bestcbradio.com\/wp-content\/uploads\/long-range-cb-radio-with-199-channels-feature-03-441x276.webp 441w, https:\/\/bestcbradio.com\/wp-content\/uploads\/long-range-cb-radio-with-199-channels-feature-03-150x94.webp 150w\" sizes=\"(max-width: 800px) 100vw, 800px\" \/><\/figure><\/div>\n\n<div class=\"wp-block-column is-vertically-aligned-center is-layout-flow wp-block-column-is-layout-flow\" style=\"flex-basis:40%\"><h2 class=\"wp-block-heading\">Rece\u00e7\u00e3o de alta sensibilidade<\/h2>\n\n<p>Com uma sensibilidade de banda larga de \u22640,25\u03bcV e sensibilidade de banda estreita de \u22640,35\u03bcV, este r\u00e1dio garante uma rece\u00e7\u00e3o de sinal clara. Tamb\u00e9m minimiza a interfer\u00eancia com uma seletividade de canal adjacente de \u226560dB.<\/p>\n\n<p><\/p>\n\n<p><\/p>\n\n<p><\/p><\/div><\/div><div style=\"height:30px\" aria-hidden=\"true\" class=\"wp-block-spacer\"><\/div><div class=\"wp-block-columns are-vertically-aligned-center is-layout-flex wp-container-core-columns-is-layout-28f84493 wp-block-columns-is-layout-flex\"><div class=\"wp-block-column is-vertically-aligned-center is-layout-flow wp-block-column-is-layout-flow\"><h2 class=\"wp-block-heading\">Pot\u00eancia forte do transmissor<\/h2>\n\n<p>Pode ajustar a pot\u00eancia de sa\u00edda para 15W, 10W ou 5W para comunica\u00e7\u00f5es de longo alcance. O r\u00e1dio utiliza diferentes tipos de modula\u00e7\u00e3o para bandas largas e estreitas para garantir uma transmiss\u00e3o de \u00e1udio n\u00edtida.<\/p>\n\n<p><\/p>\n\n<p><\/p><\/div>\n\n<div class=\"wp-block-column is-vertically-aligned-center is-layout-flow wp-block-column-is-layout-flow\" style=\"flex-basis:60%\"><figure class=\"wp-block-image size-full\"><img loading=\"lazy\" decoding=\"async\" width=\"800\" height=\"500\" src=\"https:\/\/bestcbradio.com\/wp-content\/uploads\/long-range-cb-radio-with-199-channels-feature-04.webp\" alt=\"r\u00e1dio cb de longo alcance com 199 canais, carater\u00edstica 04\" class=\"wp-image-7918\" srcset=\"https:\/\/bestcbradio.com\/wp-content\/uploads\/long-range-cb-radio-with-199-channels-feature-04.webp 800w, https:\/\/bestcbradio.com\/wp-content\/uploads\/long-range-cb-radio-with-199-channels-feature-04-300x188.webp 300w, https:\/\/bestcbradio.com\/wp-content\/uploads\/long-range-cb-radio-with-199-channels-feature-04-768x480.webp 768w, https:\/\/bestcbradio.com\/wp-content\/uploads\/long-range-cb-radio-with-199-channels-feature-04-441x276.webp 441w, https:\/\/bestcbradio.com\/wp-content\/uploads\/long-range-cb-radio-with-199-channels-feature-04-150x94.webp 150w\" sizes=\"(max-width: 800px) 100vw, 800px\" \/><\/figure><\/div><\/div><div style=\"height:30px\" aria-hidden=\"true\" class=\"wp-block-spacer\"><\/div><div class=\"wp-block-columns are-vertically-aligned-center is-layout-flex wp-container-core-columns-is-layout-28f84493 wp-block-columns-is-layout-flex\"><div class=\"wp-block-column is-vertically-aligned-center is-layout-flow wp-block-column-is-layout-flow\"><figure class=\"wp-block-image size-full\"><img loading=\"lazy\" decoding=\"async\" width=\"800\" height=\"500\" src=\"https:\/\/bestcbradio.com\/wp-content\/uploads\/long-range-cb-radio-with-199-channels-feature-05.webp\" alt=\"r\u00e1dio cb de longo alcance com 199 canais, carater\u00edstica 05\" class=\"wp-image-7919\" srcset=\"https:\/\/bestcbradio.com\/wp-content\/uploads\/long-range-cb-radio-with-199-channels-feature-05.webp 800w, https:\/\/bestcbradio.com\/wp-content\/uploads\/long-range-cb-radio-with-199-channels-feature-05-300x188.webp 300w, https:\/\/bestcbradio.com\/wp-content\/uploads\/long-range-cb-radio-with-199-channels-feature-05-768x480.webp 768w, https:\/\/bestcbradio.com\/wp-content\/uploads\/long-range-cb-radio-with-199-channels-feature-05-441x276.webp 441w, https:\/\/bestcbradio.com\/wp-content\/uploads\/long-range-cb-radio-with-199-channels-feature-05-150x94.webp 150w\" sizes=\"(max-width: 800px) 100vw, 800px\" \/><\/figure><\/div>\n\n<div class=\"wp-block-column is-vertically-aligned-center is-layout-flow wp-block-column-is-layout-flow\" style=\"flex-basis:40%\"><h2 class=\"wp-block-heading\">Design dur\u00e1vel<\/h2>\n\n<p>O r\u00e1dio \u00e9 compacto com 109mm x 104mm x 25mm e pesa cerca de 0,5Kg, tornando-o f\u00e1cil de instalar e transportar. Ele funciona bem em temperaturas de -20 \u2103 a +60 \u2103, por isso \u00e9 confi\u00e1vel em v\u00e1rias condi\u00e7\u00f5es.<\/p>\n\n<p><\/p>\n\n<p><\/p><\/div><\/div><p><\/p>","protected":false},"excerpt":{"rendered":"<details open>\n<summary>Qualidade de \u00e1udio n\u00edtida<\/summary>\n<div class=\"cg-accordion-item\"> Gama de frequ\u00eancias: 66-88 MHz, 136-174 MHz ou 400-470 MHz<br \/>\nFun\u00e7\u00e3o de digitaliza\u00e7\u00e3o, fun\u00e7\u00e3o TOT<br \/>\nFun\u00e7\u00e3o CTCSS,DCS,Repetidor<br \/>\nFun\u00e7\u00e3o \"falar \u00e0 volta<br \/>\nPot\u00eancia:5W\/10W\/15W<br \/>\nCanais:199 <\/div>\n<\/details>\n<details >\n<summary>Redu\u00e7\u00e3o de ru\u00eddo melhorada<\/summary>\n<div class=\"cg-accordion-item\"> O r\u00e1dio apresenta um n\u00edvel de zumbido e ru\u00eddo de \u226545dB para banda larga e \u226540dB para banda estreita, ajudando a manter uma comunica\u00e7\u00e3o clara. Inclui tamb\u00e9m op\u00e7\u00f5es avan\u00e7adas de squelch para uma melhor clareza do sinal. <\/div>\n<\/details>\n<details >\n<summary>Desempenho fi\u00e1vel<\/summary>\n<div class=\"cg-accordion-item\"> O r\u00e1dio tem uma grande estabilidade de frequ\u00eancia de \u00b12,5ppm, garantindo uma comunica\u00e7\u00e3o clara. Funciona eficientemente a 13,8V DC \u00b115%, tornando-o adequado para muitas configura\u00e7\u00f5es e ambientes diferentes. <\/div>\n<\/details>","protected":false},"featured_media":7909,"comment_status":"open","ping_status":"closed","template":"","meta":{"_seopress_robots_primary_cat":"none","_seopress_titles_title":"Long Range CB Radio with 199 Channels-only 0.5kg|Luiton","_seopress_titles_desc":"","_seopress_robots_index":""},"product_brand":[54],"product_cat":[66],"product_tag":[],"class_list":{"0":"post-7907","1":"product","2":"type-product","3":"status-publish","4":"has-post-thumbnail","6":"product_brand-luiton","7":"product_cat-vehicle-radio","9":"first","10":"instock","11":"sale","12":"shipping-taxable","13":"purchasable","14":"product-type-variable","15":"has-default-attributes"},"_links":{"self":[{"href":"https:\/\/bestcbradio.com\/pt\/wp-json\/wp\/v2\/product\/7907","targetHints":{"allow":["GET"]}}],"collection":[{"href":"https:\/\/bestcbradio.com\/pt\/wp-json\/wp\/v2\/product"}],"about":[{"href":"https:\/\/bestcbradio.com\/pt\/wp-json\/wp\/v2\/types\/product"}],"replies":[{"embeddable":true,"href":"https:\/\/bestcbradio.com\/pt\/wp-json\/wp\/v2\/comments?post=7907"}],"wp:featuredmedia":[{"embeddable":true,"href":"https:\/\/bestcbradio.com\/pt\/wp-json\/wp\/v2\/media\/7909"}],"wp:attachment":[{"href":"https:\/\/bestcbradio.com\/pt\/wp-json\/wp\/v2\/media?parent=7907"}],"wp:term":[{"taxonomy":"product_brand","embeddable":true,"href":"https:\/\/bestcbradio.com\/pt\/wp-json\/wp\/v2\/product_brand?post=7907"},{"taxonomy":"product_cat","embeddable":true,"href":"https:\/\/bestcbradio.com\/pt\/wp-json\/wp\/v2\/product_cat?post=7907"},{"taxonomy":"product_tag","embeddable":true,"href":"https:\/\/bestcbradio.com\/pt\/wp-json\/wp\/v2\/product_tag?post=7907"}],"curies":[{"name":"wp","href":"https:\/\/api.w.org\/{rel}","templated":true}]}}