{"id":7999,"date":"2025-11-25T10:06:34","date_gmt":"2025-11-25T02:06:34","guid":{"rendered":"https:\/\/bestcbradio.com\/?post_type=product&#038;p=7999"},"modified":"2026-01-20T16:49:24","modified_gmt":"2026-01-20T08:49:24","slug":"luiton-lt-580-vhf-uhf-vehicle-radio","status":"publish","type":"product","link":"https:\/\/bestcbradio.com\/pt\/produto\/luiton-lt-580-vhf-uhf-vehicle-radio\/","title":{"rendered":"R\u00e1dio veicular Luiton LT-580 VHF\/UHF"},"content":{"rendered":"<div class=\"wp-block-columns are-vertically-aligned-center is-layout-flex wp-container-core-columns-is-layout-28f84493 wp-block-columns-is-layout-flex\"><div class=\"wp-block-column is-vertically-aligned-center is-layout-flow wp-block-column-is-layout-flow\"><figure class=\"wp-block-image size-full\"><img fetchpriority=\"high\" decoding=\"async\" width=\"800\" height=\"500\" src=\"https:\/\/bestcbradio.com\/wp-content\/uploads\/lt-580-uhf-vhf-mobile-transceiver-feature-01.webp\" alt=\"lt 580 uhf vhf mobile transceiver feature 01\" class=\"wp-image-7992\" srcset=\"https:\/\/bestcbradio.com\/wp-content\/uploads\/lt-580-uhf-vhf-mobile-transceiver-feature-01.webp 800w, https:\/\/bestcbradio.com\/wp-content\/uploads\/lt-580-uhf-vhf-mobile-transceiver-feature-01-300x188.webp 300w, https:\/\/bestcbradio.com\/wp-content\/uploads\/lt-580-uhf-vhf-mobile-transceiver-feature-01-768x480.webp 768w, https:\/\/bestcbradio.com\/wp-content\/uploads\/lt-580-uhf-vhf-mobile-transceiver-feature-01-441x276.webp 441w, https:\/\/bestcbradio.com\/wp-content\/uploads\/lt-580-uhf-vhf-mobile-transceiver-feature-01-150x94.webp 150w\" sizes=\"(max-width: 800px) 100vw, 800px\" \/><\/figure><\/div>\n\n<div class=\"wp-block-column is-vertically-aligned-center is-layout-flow wp-block-column-is-layout-flow\" style=\"flex-basis:40%\"><h2 class=\"wp-block-heading\">Gama de frequ\u00eancias vers\u00e1til<\/h2>\n\n<p>O dispositivo suporta uma vasta gama de frequ\u00eancias, permitindo aos utilizadores comunicar eficazmente atrav\u00e9s de diferentes bandas com espa\u00e7amento de canal ajust\u00e1vel de 25KHz, 20KHz e 12,5KHz.<\/p>\n\n<p><\/p>\n\n<p><\/p>\n\n<p><\/p><\/div><\/div><div style=\"height:30px\" aria-hidden=\"true\" class=\"wp-block-spacer\"><\/div><div class=\"wp-block-columns are-vertically-aligned-center is-layout-flex wp-container-core-columns-is-layout-28f84493 wp-block-columns-is-layout-flex\"><div class=\"wp-block-column is-vertically-aligned-center is-layout-flow wp-block-column-is-layout-flow\"><h2 class=\"wp-block-heading\">Desempenho fi\u00e1vel<\/h2>\n\n<p>Funciona a 13,8V DC \u00b115%, proporcionando um desempenho est\u00e1vel para v\u00e1rias configura\u00e7\u00f5es e apresenta uma excelente estabilidade de frequ\u00eancia de \u00b12,5ppm para uma comunica\u00e7\u00e3o fi\u00e1vel.<\/p>\n\n<p><\/p>\n\n<p><\/p>\n\n<p><\/p><\/div>\n\n<div class=\"wp-block-column is-vertically-aligned-center is-layout-flow wp-block-column-is-layout-flow\" style=\"flex-basis:60%\"><figure class=\"wp-block-image size-full\"><img decoding=\"async\" width=\"800\" height=\"500\" src=\"https:\/\/bestcbradio.com\/wp-content\/uploads\/lt-580-uhf-vhf-mobile-transceiver-feature-02.webp\" alt=\"lt 580 uhf vhf mobile transceiver feature 02\" class=\"wp-image-7993\" srcset=\"https:\/\/bestcbradio.com\/wp-content\/uploads\/lt-580-uhf-vhf-mobile-transceiver-feature-02.webp 800w, https:\/\/bestcbradio.com\/wp-content\/uploads\/lt-580-uhf-vhf-mobile-transceiver-feature-02-300x188.webp 300w, https:\/\/bestcbradio.com\/wp-content\/uploads\/lt-580-uhf-vhf-mobile-transceiver-feature-02-768x480.webp 768w, https:\/\/bestcbradio.com\/wp-content\/uploads\/lt-580-uhf-vhf-mobile-transceiver-feature-02-441x276.webp 441w, https:\/\/bestcbradio.com\/wp-content\/uploads\/lt-580-uhf-vhf-mobile-transceiver-feature-02-150x94.webp 150w\" sizes=\"(max-width: 800px) 100vw, 800px\" \/><\/figure><\/div><\/div><div style=\"height:30px\" aria-hidden=\"true\" class=\"wp-block-spacer\"><\/div><div class=\"wp-block-columns are-vertically-aligned-center is-layout-flex wp-container-core-columns-is-layout-28f84493 wp-block-columns-is-layout-flex\"><div class=\"wp-block-column is-vertically-aligned-center is-layout-flow wp-block-column-is-layout-flow\"><figure class=\"wp-block-image size-full\"><img decoding=\"async\" width=\"800\" height=\"500\" src=\"https:\/\/bestcbradio.com\/wp-content\/uploads\/lt-580-uhf-vhf-mobile-transceiver-feature-03.webp\" alt=\"lt 580 uhf vhf mobile transceiver feature 03\" class=\"wp-image-7994\" srcset=\"https:\/\/bestcbradio.com\/wp-content\/uploads\/lt-580-uhf-vhf-mobile-transceiver-feature-03.webp 800w, https:\/\/bestcbradio.com\/wp-content\/uploads\/lt-580-uhf-vhf-mobile-transceiver-feature-03-300x188.webp 300w, https:\/\/bestcbradio.com\/wp-content\/uploads\/lt-580-uhf-vhf-mobile-transceiver-feature-03-768x480.webp 768w, https:\/\/bestcbradio.com\/wp-content\/uploads\/lt-580-uhf-vhf-mobile-transceiver-feature-03-441x276.webp 441w, https:\/\/bestcbradio.com\/wp-content\/uploads\/lt-580-uhf-vhf-mobile-transceiver-feature-03-150x94.webp 150w\" sizes=\"(max-width: 800px) 100vw, 800px\" \/><\/figure><\/div>\n\n<div class=\"wp-block-column is-vertically-aligned-center is-layout-flow wp-block-column-is-layout-flow\" style=\"flex-basis:40%\"><h2 class=\"wp-block-heading\">Rece\u00e7\u00e3o de alta sensibilidade<\/h2>\n\n<p>Com uma sensibilidade de banda larga de \u22640,25\u03bcV e sensibilidade de banda estreita de \u22640,35\u03bcV, este transcetor garante uma rece\u00e7\u00e3o clara e mant\u00e9m a seletividade do canal adjacente para minimizar a interfer\u00eancia.<\/p>\n\n<p><\/p>\n\n<p><\/p>\n\n<p><\/p>\n\n<p><\/p><\/div><\/div><div style=\"height:30px\" aria-hidden=\"true\" class=\"wp-block-spacer\"><\/div><div class=\"wp-block-columns are-vertically-aligned-center is-layout-flex wp-container-core-columns-is-layout-28f84493 wp-block-columns-is-layout-flex\"><div class=\"wp-block-column is-vertically-aligned-center is-layout-flow wp-block-column-is-layout-flow\"><h2 class=\"wp-block-heading\">Pot\u00eancia forte do transmissor<\/h2>\n\n<p>O transcetor oferece op\u00e7\u00f5es de sa\u00edda de pot\u00eancia ajust\u00e1vel de 60W, 25W ou 10W para VHF e 45W, 25W ou 10W para UHF, proporcionando uma comunica\u00e7\u00e3o eficaz de longo alcance com transmiss\u00e3o de \u00e1udio n\u00edtida.<\/p>\n\n<p><\/p>\n\n<p><\/p>\n\n<p><\/p><\/div>\n\n<div class=\"wp-block-column is-vertically-aligned-center is-layout-flow wp-block-column-is-layout-flow\" style=\"flex-basis:60%\"><figure class=\"wp-block-image size-full\"><img loading=\"lazy\" decoding=\"async\" width=\"800\" height=\"500\" src=\"https:\/\/bestcbradio.com\/wp-content\/uploads\/lt-580-uhf-vhf-mobile-transceiver-feature-04.webp\" alt=\"lt 580 uhf vhf mobile transceiver feature 04\" class=\"wp-image-7995\" srcset=\"https:\/\/bestcbradio.com\/wp-content\/uploads\/lt-580-uhf-vhf-mobile-transceiver-feature-04.webp 800w, https:\/\/bestcbradio.com\/wp-content\/uploads\/lt-580-uhf-vhf-mobile-transceiver-feature-04-300x188.webp 300w, https:\/\/bestcbradio.com\/wp-content\/uploads\/lt-580-uhf-vhf-mobile-transceiver-feature-04-768x480.webp 768w, https:\/\/bestcbradio.com\/wp-content\/uploads\/lt-580-uhf-vhf-mobile-transceiver-feature-04-441x276.webp 441w, https:\/\/bestcbradio.com\/wp-content\/uploads\/lt-580-uhf-vhf-mobile-transceiver-feature-04-150x94.webp 150w\" sizes=\"(max-width: 800px) 100vw, 800px\" \/><\/figure><\/div><\/div><div style=\"height:30px\" aria-hidden=\"true\" class=\"wp-block-spacer\"><\/div><div class=\"wp-block-columns are-vertically-aligned-center is-layout-flex wp-container-core-columns-is-layout-28f84493 wp-block-columns-is-layout-flex\"><div class=\"wp-block-column is-vertically-aligned-center is-layout-flow wp-block-column-is-layout-flow\"><figure class=\"wp-block-image size-full\"><img loading=\"lazy\" decoding=\"async\" width=\"800\" height=\"500\" src=\"https:\/\/bestcbradio.com\/wp-content\/uploads\/lt-580-uhf-vhf-mobile-transceiver-feature-05.webp\" alt=\"lt 580 uhf vhf mobile transceiver feature 05\" class=\"wp-image-7996\" srcset=\"https:\/\/bestcbradio.com\/wp-content\/uploads\/lt-580-uhf-vhf-mobile-transceiver-feature-05.webp 800w, https:\/\/bestcbradio.com\/wp-content\/uploads\/lt-580-uhf-vhf-mobile-transceiver-feature-05-300x188.webp 300w, https:\/\/bestcbradio.com\/wp-content\/uploads\/lt-580-uhf-vhf-mobile-transceiver-feature-05-768x480.webp 768w, https:\/\/bestcbradio.com\/wp-content\/uploads\/lt-580-uhf-vhf-mobile-transceiver-feature-05-441x276.webp 441w, https:\/\/bestcbradio.com\/wp-content\/uploads\/lt-580-uhf-vhf-mobile-transceiver-feature-05-150x94.webp 150w\" sizes=\"(max-width: 800px) 100vw, 800px\" \/><\/figure><\/div>\n\n<div class=\"wp-block-column is-vertically-aligned-center is-layout-flow wp-block-column-is-layout-flow\" style=\"flex-basis:40%\"><h2 class=\"wp-block-heading\">Design dur\u00e1vel<\/h2>\n\n<p>Seu tamanho compacto de 145 mm x 47 mm x 190 mm e design leve de cerca de 1,2 kg facilitam a instala\u00e7\u00e3o e o transporte enquanto operam efetivamente em temperaturas de -20 \u2103 a +60 \u2103.<\/p>\n\n<p><\/p>\n\n<p><\/p>\n\n<p><\/p><\/div><\/div><p><\/p>","protected":false},"excerpt":{"rendered":"<details open>\n<summary>Pontos de venda do produto<\/summary>\n<div class=\"cg-accordion-item\">\u2714VHF Frequency Range:136 ~ 174MHz,245 ~ 245.9875MHz(220 ~ 260MHz)<br \/>\n\u2714UHF Frequency Range:400 ~ 490MHz<br \/>\n\u271450 groups of CTCSS\/1024 groups of DCS<br \/>\n\u2714Long-distance Anti-theft Alarm<br \/>\n\u2714Busy Channel Lockout<br \/>\n\u2714TOT(Time-out timer)<br \/>\n\u2714Channels:200<br \/>\n\u2714Short Calling<br \/>\n\u2714Scan Skip<br \/>\n\u2714Cable Clone<br \/>\n\u2714Voice Prompt <\/div>\n<\/details>\n<details >\n<summary>Qualidade de \u00e1udio n\u00edtida<\/summary>\n<div class=\"cg-accordion-item\"> A pot\u00eancia de sa\u00edda de \u00e1udio excede os 2W a 10%, garantindo uma forte qualidade de som durante a comunica\u00e7\u00e3o, mantendo uma baixa distor\u00e7\u00e3o de \u00e1udio para uma transmiss\u00e3o de voz clara. <\/div>\n<\/details>\n<details >\n<summary>Transcetor m\u00f3vel VHF\/UHF com 200 canais<\/summary>\n<div class=\"cg-accordion-item\"> Este emissor-recetor abrange frequ\u00eancias HF de 136 a 174 MHz e frequ\u00eancias UHF de 400 a 490 MHz, permitindo uma comunica\u00e7\u00e3o vers\u00e1til com 200 canais e op\u00e7\u00f5es de espa\u00e7amento de canais ajust\u00e1veis. <\/div>\n<\/details>","protected":false},"featured_media":8126,"comment_status":"open","ping_status":"closed","template":"","meta":{"_seopress_robots_primary_cat":"none","_seopress_titles_title":"VHF\/UHF Mobile Transceiver with 200 Channels-Scan function, Emergency Alarm","_seopress_titles_desc":"","_seopress_robots_index":""},"product_brand":[54],"product_cat":[66],"product_tag":[],"class_list":{"0":"post-7999","1":"product","2":"type-product","3":"status-publish","4":"has-post-thumbnail","6":"product_brand-luiton","7":"product_cat-vehicle-radio","9":"first","10":"instock","11":"sale","12":"shipping-taxable","13":"purchasable","14":"product-type-variable","15":"has-default-attributes"},"_links":{"self":[{"href":"https:\/\/bestcbradio.com\/pt\/wp-json\/wp\/v2\/product\/7999","targetHints":{"allow":["GET"]}}],"collection":[{"href":"https:\/\/bestcbradio.com\/pt\/wp-json\/wp\/v2\/product"}],"about":[{"href":"https:\/\/bestcbradio.com\/pt\/wp-json\/wp\/v2\/types\/product"}],"replies":[{"embeddable":true,"href":"https:\/\/bestcbradio.com\/pt\/wp-json\/wp\/v2\/comments?post=7999"}],"wp:featuredmedia":[{"embeddable":true,"href":"https:\/\/bestcbradio.com\/pt\/wp-json\/wp\/v2\/media\/8126"}],"wp:attachment":[{"href":"https:\/\/bestcbradio.com\/pt\/wp-json\/wp\/v2\/media?parent=7999"}],"wp:term":[{"taxonomy":"product_brand","embeddable":true,"href":"https:\/\/bestcbradio.com\/pt\/wp-json\/wp\/v2\/product_brand?post=7999"},{"taxonomy":"product_cat","embeddable":true,"href":"https:\/\/bestcbradio.com\/pt\/wp-json\/wp\/v2\/product_cat?post=7999"},{"taxonomy":"product_tag","embeddable":true,"href":"https:\/\/bestcbradio.com\/pt\/wp-json\/wp\/v2\/product_tag?post=7999"}],"curies":[{"name":"wp","href":"https:\/\/api.w.org\/{rel}","templated":true}]}}