{"id":8158,"date":"2025-12-02T10:28:27","date_gmt":"2025-12-02T02:28:27","guid":{"rendered":"https:\/\/bestcbradio.com\/?post_type=product&#038;p=8158"},"modified":"2026-04-09T09:51:32","modified_gmt":"2026-04-09T01:51:32","slug":"luiton-lt-an300w-cb-antenna","status":"publish","type":"product","link":"https:\/\/bestcbradio.com\/pt\/produto\/luiton-lt-an300w-antena-cb\/","title":{"rendered":"Antena CB Luiton LT-AN300W"},"content":{"rendered":"<div class=\"wp-block-columns are-vertically-aligned-center is-layout-flex wp-container-core-columns-is-layout-28f84493 wp-block-columns-is-layout-flex\"><div class=\"wp-block-column is-vertically-aligned-center is-layout-flow wp-block-column-is-layout-flow\"><figure class=\"wp-block-image size-full\"><img fetchpriority=\"high\" decoding=\"async\" width=\"800\" height=\"500\" src=\"https:\/\/bestcbradio.com\/wp-content\/uploads\/cb-antenna-feature-04.webp\" alt=\"Carater\u00edstica da antena cb 04\" class=\"wp-image-8049\" srcset=\"https:\/\/bestcbradio.com\/wp-content\/uploads\/cb-antenna-feature-04.webp 800w, https:\/\/bestcbradio.com\/wp-content\/uploads\/cb-antenna-feature-04-300x188.webp 300w, https:\/\/bestcbradio.com\/wp-content\/uploads\/cb-antenna-feature-04-768x480.webp 768w, https:\/\/bestcbradio.com\/wp-content\/uploads\/cb-antenna-feature-04-441x276.webp 441w, https:\/\/bestcbradio.com\/wp-content\/uploads\/cb-antenna-feature-04-150x94.webp 150w\" sizes=\"(max-width: 800px) 100vw, 800px\" \/><\/figure><\/div>\n\n<div class=\"wp-block-column is-vertically-aligned-center is-layout-flow wp-block-column-is-layout-flow\" style=\"flex-basis:40%\"><h2 class=\"wp-block-heading\">Antena CB de 36 polegadas e 300 watts para r\u00e1dio CB de 27 MHz, antena port\u00e1til para interior\/exterior com kit de montagem completo para antena de r\u00e1dio m\u00f3vel\/carro compat\u00edvel com r\u00e1dio SSB de 10 metros Midland Cobra Uniden Anytone<\/h2><\/div><\/div><div style=\"height:30px\" aria-hidden=\"true\" class=\"wp-block-spacer\"><\/div><div class=\"wp-block-columns are-vertically-aligned-center is-layout-flex wp-container-core-columns-is-layout-28f84493 wp-block-columns-is-layout-flex\"><div class=\"wp-block-column is-vertically-aligned-center is-layout-flow wp-block-column-is-layout-flow\"><h2 class=\"wp-block-heading\">Base magn\u00e9tica maior: mais est\u00e1vel! A base magn\u00e9tica de 4 polegadas de di\u00e2metro mant\u00e9m a antena durante a condu\u00e7\u00e3o.<\/h2>\n\n<p><\/p><\/div>\n\n<div class=\"wp-block-column is-vertically-aligned-center is-layout-flow wp-block-column-is-layout-flow\" style=\"flex-basis:60%\"><figure class=\"wp-block-image size-full\"><img decoding=\"async\" width=\"800\" height=\"500\" src=\"https:\/\/bestcbradio.com\/wp-content\/uploads\/cb-antenna-feature-03.webp\" alt=\"Carater\u00edstica da antena cb 03\" class=\"wp-image-8048\" srcset=\"https:\/\/bestcbradio.com\/wp-content\/uploads\/cb-antenna-feature-03.webp 800w, https:\/\/bestcbradio.com\/wp-content\/uploads\/cb-antenna-feature-03-300x188.webp 300w, https:\/\/bestcbradio.com\/wp-content\/uploads\/cb-antenna-feature-03-768x480.webp 768w, https:\/\/bestcbradio.com\/wp-content\/uploads\/cb-antenna-feature-03-441x276.webp 441w, https:\/\/bestcbradio.com\/wp-content\/uploads\/cb-antenna-feature-03-150x94.webp 150w\" sizes=\"(max-width: 800px) 100vw, 800px\" \/><\/figure><\/div><\/div><div class=\"wp-block-columns is-layout-flex wp-container-core-columns-is-layout-28f84493 wp-block-columns-is-layout-flex\"><div class=\"wp-block-column is-vertically-aligned-stretch is-layout-flow wp-block-column-is-layout-flow\" style=\"flex-basis:40%\"><h2 class=\"wp-block-heading\">Sobre este artigo<\/h2><\/div><\/div><ul class=\"wp-block-list\"><li>Antena mais comprida: melhor alcance! 36 polegadas de comprimento para maior alcance e rece\u00e7\u00e3o!<\/li>\n\n<li>Base magn\u00e9tica maior: mais est\u00e1vel! A base magn\u00e9tica de 4 polegadas de di\u00e2metro mant\u00e9m a antena durante a condu\u00e7\u00e3o.<\/li>\n\n<li>Suporte de 300 watts: Suporte de pot\u00eancia superior! Suporte de 300 watts para o m\u00e1ximo alcance e rece\u00e7\u00e3o!<\/li>\n\n<li>Cabo coaxial e conetor: Cabo coaxial tran\u00e7ado combinado de 12,8 p\u00e9s para ligar a qualquer CB por conetor Pl259<\/li><\/ul><p><\/p>","protected":false},"excerpt":{"rendered":"<details >\n<summary>Altura ajust\u00e1vel<\/summary>\n<div class=\"cg-accordion-item\"> Dispon\u00edvel em alturas de 36 polegadas, este adaptador de antena pode adaptar-se a diferentes configura\u00e7\u00f5es e prefer\u00eancias do utilizador. <\/div>\n<\/details>\n<details >\n<summary>Fabricante de confian\u00e7a<\/summary>\n<div class=\"cg-accordion-item\"> Fabricado pela Bond Telecom Co., Ltd., este produto \u00e9 apoiado por uma empresa conhecida pela sua qualidade e equipamento de telecomunica\u00e7\u00f5es fi\u00e1vel. <\/div>\n<\/details>\n<details open>\n<summary>Pontos de venda do produto<\/summary>\n<div class=\"cg-accordion-item\"> Pot\u00eancia nominal de 300W<br \/>\nCabo coaxial e conetor<br \/>\nAlcance m\u00e1ximo de 400 p\u00e9s<br \/>\n\u271436 Polegadas<\/div>\n<\/details>","protected":false},"featured_media":8046,"comment_status":"open","ping_status":"closed","template":"","meta":{"_seopress_robots_primary_cat":"none","_seopress_titles_title":"Car Radio Antenna Compatible with President Midland Cobra Uniden Anytone by LUITON","_seopress_titles_desc":"Luiton LT-AN300W CB Antenna - 300W power, 36-inch length, 4-inch magnetic base. 12.8ft coaxial cable with PL259 connector. For 27MHz CB radios. Compatible with President, Midland, Cobra, Uniden, Anytone. $55.99. Worldwide shipping available.","_seopress_robots_index":""},"product_brand":[54],"product_cat":[16],"product_tag":[],"class_list":{"0":"post-8158","1":"product","2":"type-product","3":"status-publish","4":"has-post-thumbnail","6":"product_brand-luiton","7":"product_cat-accessories","9":"first","10":"instock","11":"shipping-taxable","12":"purchasable","13":"product-type-variable","14":"has-default-attributes"},"_links":{"self":[{"href":"https:\/\/bestcbradio.com\/pt\/wp-json\/wp\/v2\/product\/8158","targetHints":{"allow":["GET"]}}],"collection":[{"href":"https:\/\/bestcbradio.com\/pt\/wp-json\/wp\/v2\/product"}],"about":[{"href":"https:\/\/bestcbradio.com\/pt\/wp-json\/wp\/v2\/types\/product"}],"replies":[{"embeddable":true,"href":"https:\/\/bestcbradio.com\/pt\/wp-json\/wp\/v2\/comments?post=8158"}],"wp:featuredmedia":[{"embeddable":true,"href":"https:\/\/bestcbradio.com\/pt\/wp-json\/wp\/v2\/media\/8046"}],"wp:attachment":[{"href":"https:\/\/bestcbradio.com\/pt\/wp-json\/wp\/v2\/media?parent=8158"}],"wp:term":[{"taxonomy":"product_brand","embeddable":true,"href":"https:\/\/bestcbradio.com\/pt\/wp-json\/wp\/v2\/product_brand?post=8158"},{"taxonomy":"product_cat","embeddable":true,"href":"https:\/\/bestcbradio.com\/pt\/wp-json\/wp\/v2\/product_cat?post=8158"},{"taxonomy":"product_tag","embeddable":true,"href":"https:\/\/bestcbradio.com\/pt\/wp-json\/wp\/v2\/product_tag?post=8158"}],"curies":[{"name":"wp","href":"https:\/\/api.w.org\/{rel}","templated":true}]}}