{"id":8160,"date":"2025-12-02T10:33:51","date_gmt":"2025-12-02T02:33:51","guid":{"rendered":"https:\/\/bestcbradio.com\/?post_type=product&#038;p=8160"},"modified":"2026-04-08T16:23:28","modified_gmt":"2026-04-08T08:23:28","slug":"luiton-lt-an1000w-cb-antenna","status":"publish","type":"product","link":"https:\/\/bestcbradio.com\/pt\/produto\/antena-cb-luiton-lt-an1000w\/","title":{"rendered":"Antena Luiton LT-AN1000W Oil COLD CB"},"content":{"rendered":"<div class=\"wp-block-columns are-vertically-aligned-center is-layout-flex wp-container-core-columns-is-layout-28f84493 wp-block-columns-is-layout-flex\"><div class=\"wp-block-column is-vertically-aligned-center is-layout-flow wp-block-column-is-layout-flow\"><figure class=\"wp-block-image size-full\"><img fetchpriority=\"high\" decoding=\"async\" width=\"800\" height=\"500\" src=\"https:\/\/bestcbradio.com\/wp-content\/uploads\/an1000w-005.webp\" alt=\"antena cb luiton lt an1000w\" class=\"wp-image-8184\" srcset=\"https:\/\/bestcbradio.com\/wp-content\/uploads\/an1000w-005.webp 800w, https:\/\/bestcbradio.com\/wp-content\/uploads\/an1000w-005-300x188.webp 300w, https:\/\/bestcbradio.com\/wp-content\/uploads\/an1000w-005-768x480.webp 768w, https:\/\/bestcbradio.com\/wp-content\/uploads\/an1000w-005-441x276.webp 441w, https:\/\/bestcbradio.com\/wp-content\/uploads\/an1000w-005-150x94.webp 150w\" sizes=\"(max-width: 800px) 100vw, 800px\" \/><\/figure><\/div>\n\n<div class=\"wp-block-column is-vertically-aligned-center is-layout-flow wp-block-column-is-layout-flow\" style=\"flex-basis:40%\"><h2 class=\"wp-block-heading\">Antena de r\u00e1dio Cb, 46 polegadas 1000 watt Oil Coil Antena Cb Trabalho em 27 Mhz Caminh\u00e3o\/Carro R\u00e1dio Cb Compat\u00edvel com Presidente Midland Cobra Uniden Anytone<\/h2><\/div><\/div><div style=\"height:30px\" aria-hidden=\"true\" class=\"wp-block-spacer\"><\/div><div class=\"wp-block-columns are-vertically-aligned-center is-layout-flex wp-container-core-columns-is-layout-28f84493 wp-block-columns-is-layout-flex\"><div class=\"wp-block-column is-vertically-aligned-center is-layout-flow wp-block-column-is-layout-flow\"><h2 class=\"wp-block-heading\">[Suporte] 1000 Watts Pot\u00eancia nominal A bobina arrefecida por \u00f3leo fornece a quantidade desejada de pot\u00eancia<\/h2>\n\n<p><\/p><\/div>\n\n<div class=\"wp-block-column is-vertically-aligned-center is-layout-flow wp-block-column-is-layout-flow\" style=\"flex-basis:60%\"><figure class=\"wp-block-image size-full\"><img decoding=\"async\" width=\"800\" height=\"500\" src=\"https:\/\/bestcbradio.com\/wp-content\/uploads\/cb-antenna-feature-02.webp\" alt=\"Carater\u00edstica da antena cb 02\" class=\"wp-image-8047\" srcset=\"https:\/\/bestcbradio.com\/wp-content\/uploads\/cb-antenna-feature-02.webp 800w, https:\/\/bestcbradio.com\/wp-content\/uploads\/cb-antenna-feature-02-300x188.webp 300w, https:\/\/bestcbradio.com\/wp-content\/uploads\/cb-antenna-feature-02-768x480.webp 768w, https:\/\/bestcbradio.com\/wp-content\/uploads\/cb-antenna-feature-02-441x276.webp 441w, https:\/\/bestcbradio.com\/wp-content\/uploads\/cb-antenna-feature-02-150x94.webp 150w\" sizes=\"(max-width: 800px) 100vw, 800px\" \/><\/figure><\/div><\/div><div class=\"wp-block-columns are-vertically-aligned-center is-layout-flex wp-container-core-columns-is-layout-28f84493 wp-block-columns-is-layout-flex\"><div class=\"wp-block-column is-vertically-aligned-center is-layout-flow wp-block-column-is-layout-flow\"><figure class=\"wp-block-image size-full\"><img decoding=\"async\" width=\"800\" height=\"500\" src=\"https:\/\/bestcbradio.com\/wp-content\/uploads\/an1000w-006.webp\" alt=\"antena cb luiton lt an1000w\" class=\"wp-image-8186\" srcset=\"https:\/\/bestcbradio.com\/wp-content\/uploads\/an1000w-006.webp 800w, https:\/\/bestcbradio.com\/wp-content\/uploads\/an1000w-006-300x188.webp 300w, https:\/\/bestcbradio.com\/wp-content\/uploads\/an1000w-006-768x480.webp 768w, https:\/\/bestcbradio.com\/wp-content\/uploads\/an1000w-006-441x276.webp 441w, https:\/\/bestcbradio.com\/wp-content\/uploads\/an1000w-006-150x94.webp 150w\" sizes=\"(max-width: 800px) 100vw, 800px\" \/><\/figure><\/div>\n\n<div class=\"wp-block-column is-vertically-aligned-center is-layout-flow wp-block-column-is-layout-flow\" style=\"flex-basis:40%\"><h2 class=\"wp-block-heading\">[Comprimento] 46 polegadas de comprimento, quanto mais comprida for a antena, mais longe pode chegar<\/h2>\n\n<p><\/p>\n\n<p><\/p><\/div><\/div><h2 class=\"wp-block-heading\">Sobre este artigo<\/h2><ul class=\"wp-block-list\"><li>[Suporte] 1000 Watts Pot\u00eancia nominal A bobina arrefecida por \u00f3leo fornece a quantidade desejada de pot\u00eancia<\/li>\n\n<li>[Comprimento] 46 polegadas de comprimento, quanto mais comprida for a antena, mais longe pode chegar<\/li>\n\n<li>[Afina\u00e7\u00e3o] Efectuada atrav\u00e9s do ajuste do comprimento do chicote<\/li>\n\n<li>[Compat\u00edvel] Compat\u00edvel com a maioria dos conectores padr\u00e3o.<\/li><\/ul><p><\/p>","protected":false},"excerpt":{"rendered":"<details >\n<summary>Altura ajust\u00e1vel<\/summary>\n<div class=\"cg-accordion-item\"> Dispon\u00edvel em alturas de 46 polegadas, este adaptador de antena pode adaptar-se a diferentes configura\u00e7\u00f5es e prefer\u00eancias do utilizador. <\/div>\n<\/details>\n<details >\n<summary>Fabricante de confian\u00e7a<\/summary>\n<div class=\"cg-accordion-item\"> Fabricado pela Bond Telecom Co., Ltd., este produto \u00e9 apoiado por uma empresa conhecida pela sua qualidade e equipamento de telecomunica\u00e7\u00f5es fi\u00e1vel. <\/div>\n<\/details>\n<details open>\n<summary>Pontos de venda do produto<\/summary>\n<div class=\"cg-accordion-item\">\nPot\u00eancia nominal de 1000W<br \/>\nBobina arrefecida a \u00f3leo<br \/>\nAlcance m\u00e1ximo de 80000 p\u00e9s<br \/>\n\u271446 Polegadas<\/div>\n<\/details>","protected":false},"featured_media":8045,"comment_status":"open","ping_status":"closed","template":"","meta":{"_seopress_robots_primary_cat":"none","_seopress_titles_title":"Luiton LT-AN1000W CB Antenna \u2014 1000W High Power Mobile Antenna | Best CB Radio","_seopress_titles_desc":"Buy Luiton LT-AN1000W CB Antenna at Best CB Radio. 1000W power handling, mobile mount, long-range signal. Worldwide Shipping, 30-day returns.","_seopress_robots_index":""},"product_brand":[54],"product_cat":[16],"product_tag":[],"class_list":{"0":"post-8160","1":"product","2":"type-product","3":"status-publish","4":"has-post-thumbnail","6":"product_brand-luiton","7":"product_cat-accessories","9":"first","10":"instock","11":"shipping-taxable","12":"purchasable","13":"product-type-variable","14":"has-default-attributes"},"_links":{"self":[{"href":"https:\/\/bestcbradio.com\/pt\/wp-json\/wp\/v2\/product\/8160","targetHints":{"allow":["GET"]}}],"collection":[{"href":"https:\/\/bestcbradio.com\/pt\/wp-json\/wp\/v2\/product"}],"about":[{"href":"https:\/\/bestcbradio.com\/pt\/wp-json\/wp\/v2\/types\/product"}],"replies":[{"embeddable":true,"href":"https:\/\/bestcbradio.com\/pt\/wp-json\/wp\/v2\/comments?post=8160"}],"wp:featuredmedia":[{"embeddable":true,"href":"https:\/\/bestcbradio.com\/pt\/wp-json\/wp\/v2\/media\/8045"}],"wp:attachment":[{"href":"https:\/\/bestcbradio.com\/pt\/wp-json\/wp\/v2\/media?parent=8160"}],"wp:term":[{"taxonomy":"product_brand","embeddable":true,"href":"https:\/\/bestcbradio.com\/pt\/wp-json\/wp\/v2\/product_brand?post=8160"},{"taxonomy":"product_cat","embeddable":true,"href":"https:\/\/bestcbradio.com\/pt\/wp-json\/wp\/v2\/product_cat?post=8160"},{"taxonomy":"product_tag","embeddable":true,"href":"https:\/\/bestcbradio.com\/pt\/wp-json\/wp\/v2\/product_tag?post=8160"}],"curies":[{"name":"wp","href":"https:\/\/api.w.org\/{rel}","templated":true}]}}