{"id":8467,"date":"2026-01-06T14:48:02","date_gmt":"2026-01-06T06:48:02","guid":{"rendered":"https:\/\/bestcbradio.com\/?post_type=product&#038;p=8467"},"modified":"2026-04-09T09:50:40","modified_gmt":"2026-04-09T01:50:40","slug":"luiton-lt-199h-walkie-talkie","status":"publish","type":"product","link":"https:\/\/bestcbradio.com\/pt\/produto\/walkie-talkie-luiton-lt-199h\/","title":{"rendered":"Luiton LT-199H Walkie Talkie"},"content":{"rendered":"<div class=\"wp-block-columns are-vertically-aligned-center is-layout-flex wp-container-core-columns-is-layout-28f84493 wp-block-columns-is-layout-flex\"><div class=\"wp-block-column is-vertically-aligned-center is-layout-flow wp-block-column-is-layout-flow\"><figure class=\"wp-block-image size-full\"><img fetchpriority=\"high\" decoding=\"async\" width=\"800\" height=\"500\" src=\"https:\/\/bestcbradio.com\/wp-content\/uploads\/lt-199h-feature-01.webp\" alt=\"lt 199h carater\u00edstica 01\" class=\"wp-image-8464\" srcset=\"https:\/\/bestcbradio.com\/wp-content\/uploads\/lt-199h-feature-01.webp 800w, https:\/\/bestcbradio.com\/wp-content\/uploads\/lt-199h-feature-01-300x188.webp 300w, https:\/\/bestcbradio.com\/wp-content\/uploads\/lt-199h-feature-01-768x480.webp 768w, https:\/\/bestcbradio.com\/wp-content\/uploads\/lt-199h-feature-01-18x12.webp 18w, https:\/\/bestcbradio.com\/wp-content\/uploads\/lt-199h-feature-01-441x276.webp 441w, https:\/\/bestcbradio.com\/wp-content\/uploads\/lt-199h-feature-01-150x94.webp 150w\" sizes=\"(max-width: 800px) 100vw, 800px\" \/><\/figure><\/div>\n\n<div class=\"wp-block-column is-vertically-aligned-center is-layout-flow wp-block-column-is-layout-flow\" style=\"flex-basis:40%\"><h2 class=\"wp-block-heading\">Carater\u00edsticas da frequ\u00eancia e do canal<\/h2>\n\n<p>O Walkie Talkie LT-199H funciona numa vasta gama de frequ\u00eancias de 136-174MHz e 400-480MHz, fornecendo 16 canais com espa\u00e7amento de 12,5\/25KHz para uma comunica\u00e7\u00e3o clara e organizada em v\u00e1rias situa\u00e7\u00f5es.<\/p>\n\n<p><\/p><\/div><\/div><div style=\"height:30px\" aria-hidden=\"true\" class=\"wp-block-spacer\"><\/div><div class=\"wp-block-columns are-vertically-aligned-center is-layout-flex wp-container-core-columns-is-layout-28f84493 wp-block-columns-is-layout-flex\"><div class=\"wp-block-column is-vertically-aligned-center is-layout-flow wp-block-column-is-layout-flow\"><h2 class=\"wp-block-heading\">Pot\u00eancia e desempenho da bateria<\/h2>\n\n<p>Este walkie-talkie proporciona uma forte sa\u00edda de 10 W para comunica\u00e7\u00e3o de longo alcance e \u00e9 alimentado por uma fi\u00e1vel bateria de i\u00f5es de l\u00edtio de 2600 mAh, garantindo que pode permanecer ligado durante longos per\u00edodos sem interrup\u00e7\u00e3o.<\/p>\n\n<p><\/p><\/div>\n\n<div class=\"wp-block-column is-vertically-aligned-center is-layout-flow wp-block-column-is-layout-flow\" style=\"flex-basis:60%\"><figure class=\"wp-block-image size-full\"><img decoding=\"async\" width=\"800\" height=\"500\" src=\"https:\/\/bestcbradio.com\/wp-content\/uploads\/lt-199h-feature-02.webp\" alt=\"lt 199h carater\u00edstica 02\" class=\"wp-image-8465\" srcset=\"https:\/\/bestcbradio.com\/wp-content\/uploads\/lt-199h-feature-02.webp 800w, https:\/\/bestcbradio.com\/wp-content\/uploads\/lt-199h-feature-02-300x188.webp 300w, https:\/\/bestcbradio.com\/wp-content\/uploads\/lt-199h-feature-02-768x480.webp 768w, https:\/\/bestcbradio.com\/wp-content\/uploads\/lt-199h-feature-02-18x12.webp 18w, https:\/\/bestcbradio.com\/wp-content\/uploads\/lt-199h-feature-02-441x276.webp 441w, https:\/\/bestcbradio.com\/wp-content\/uploads\/lt-199h-feature-02-150x94.webp 150w\" sizes=\"(max-width: 800px) 100vw, 800px\" \/><\/figure><\/div><\/div><p><br><br><\/p><div class=\"wp-block-columns are-vertically-aligned-center is-layout-flex wp-container-core-columns-is-layout-28f84493 wp-block-columns-is-layout-flex\"><div class=\"wp-block-column is-vertically-aligned-center is-layout-flow wp-block-column-is-layout-flow\"><figure class=\"wp-block-image size-full\"><img decoding=\"async\" width=\"800\" height=\"500\" src=\"https:\/\/bestcbradio.com\/wp-content\/uploads\/lt-199h-feature03.webp\" alt=\"lt 199h caracter\u00edstica03\" class=\"wp-image-8466\" srcset=\"https:\/\/bestcbradio.com\/wp-content\/uploads\/lt-199h-feature03.webp 800w, https:\/\/bestcbradio.com\/wp-content\/uploads\/lt-199h-feature03-300x188.webp 300w, https:\/\/bestcbradio.com\/wp-content\/uploads\/lt-199h-feature03-768x480.webp 768w, https:\/\/bestcbradio.com\/wp-content\/uploads\/lt-199h-feature03-18x12.webp 18w, https:\/\/bestcbradio.com\/wp-content\/uploads\/lt-199h-feature03-441x276.webp 441w, https:\/\/bestcbradio.com\/wp-content\/uploads\/lt-199h-feature03-150x94.webp 150w\" sizes=\"(max-width: 800px) 100vw, 800px\" \/><\/figure><\/div>\n\n<div class=\"wp-block-column is-vertically-aligned-center is-layout-flow wp-block-column-is-layout-flow\" style=\"flex-basis:40%\"><h2 class=\"wp-block-heading\">O que est\u00e1 na caixa<\/h2>\n\n<p>Walkie-talkie LT-199H<br>Bateria de 2600mAh<br>Antena<br>Carregador<\/p>\n\n<p><\/p><\/div><\/div><h2 class=\"wp-block-heading\"><strong>Especifica\u00e7\u00f5es do Walkie Talkie LT-199H<\/strong><\/h2><ul class=\"wp-block-list\"><li>CTCSS\/CDCSS Codec personalizado<\/li>\n\n<li>Poupan\u00e7a autom\u00e1tica da bateria<\/li>\n\n<li>Fun\u00e7\u00e3o Scrambler\/Companding de 8 grupos<\/li>\n\n<li>Digital subs\u00f3nico Fun\u00e7\u00e3o de salto de frequ\u00eancia<\/li>\n\n<li>Frequ\u00eancia de voz em chin\u00eas\/ingl\u00eas<\/li>\n\n<li>Defini\u00e7\u00e3o de banda larga\/estreita<\/li>\n\n<li>Alta\/baixa pot\u00eancia comut\u00e1vel<\/li>\n\n<li>Fun\u00e7\u00e3o de alarme de baixa tens\u00e3o<\/li>\n\n<li>Fun\u00e7\u00e3o de alarme de emerg\u00eancia<\/li>\n\n<li>Fun\u00e7\u00e3o VOX<\/li>\n\n<li>Atordoamento e morte \u00e0 dist\u00e2ncia<\/li>\n\n<li>Fun\u00e7\u00e3o PTT ID, Codifica\u00e7\u00e3o DTMF<\/li><\/ul>","protected":false},"excerpt":{"rendered":"<details open>\n<summary>Pontos de venda do produto<\/summary>\n<div class=\"cg-accordion-item\"> Capacidade da bateria de 2600mAh<br \/>\n\u2714Frequency:136-174MHz\/400-480MHz<br \/>\n\u2714Dimension:117*54*34mm<br \/>\nAlarme de emerg\u00eancia<br \/>\nFun\u00e7\u00e3o VOX, PTT ID<br \/>\nCanais:16<br \/>\n\u2714Codifica\u00e7\u00e3o DTMF<br \/>\nAntena<br \/>\nApenas 274g\n<\/div>\n<\/details>\n<details >\n<summary>Durabilidade e resist\u00eancia \u00e0 temperatura<\/summary>\n<div class=\"cg-accordion-item\"> Concebido para resistir a condi\u00e7\u00f5es extremas, o LT-199H funciona bem em temperaturas de -20\u00b0C a +60\u00b0C e apresenta um design compacto e leve que o torna f\u00e1cil de transportar e utilizar onde quer que v\u00e1. <\/div>\n<\/details>\n<details >\n<summary>Qualidade e estabilidade do \u00e1udio<\/summary>\n<div class=\"cg-accordion-item\"> Com uma pot\u00eancia nominal de sa\u00edda de \u00e1udio de 500mW e uma distor\u00e7\u00e3o de \u00e1udio inferior a 5%, este walkie-talkie proporciona uma qualidade de som n\u00edtida e uma elevada sensibilidade de \u22640,30\/0,20\u00b5V para uma rece\u00e7\u00e3o fi\u00e1vel em ambientes dif\u00edceis. <\/div>\n<\/details>","protected":false},"featured_media":8460,"comment_status":"open","ping_status":"closed","template":"","meta":{"_seopress_robots_primary_cat":"none","_seopress_titles_title":"2600mAh Battery UHF\/VHF antenna walkie-talkie with emergency alarm, vox function and only 274g","_seopress_titles_desc":"Luiton LT-199H Walkie Talkie - 10W dual band VHF\/UHF, 16 channels, 2600mAh battery. Emergency alarm, VOX function, PTT ID, DTMF encode. Compact 274g design. $49.99. Worldwide shipping available.","_seopress_robots_index":""},"product_brand":[54],"product_cat":[62],"product_tag":[],"class_list":{"0":"post-8467","1":"product","2":"type-product","3":"status-publish","4":"has-post-thumbnail","6":"product_brand-luiton","7":"product_cat-handheld-two-way-radio","9":"first","10":"instock","11":"shipping-taxable","12":"purchasable","13":"product-type-variable","14":"has-default-attributes"},"_links":{"self":[{"href":"https:\/\/bestcbradio.com\/pt\/wp-json\/wp\/v2\/product\/8467","targetHints":{"allow":["GET"]}}],"collection":[{"href":"https:\/\/bestcbradio.com\/pt\/wp-json\/wp\/v2\/product"}],"about":[{"href":"https:\/\/bestcbradio.com\/pt\/wp-json\/wp\/v2\/types\/product"}],"replies":[{"embeddable":true,"href":"https:\/\/bestcbradio.com\/pt\/wp-json\/wp\/v2\/comments?post=8467"}],"wp:featuredmedia":[{"embeddable":true,"href":"https:\/\/bestcbradio.com\/pt\/wp-json\/wp\/v2\/media\/8460"}],"wp:attachment":[{"href":"https:\/\/bestcbradio.com\/pt\/wp-json\/wp\/v2\/media?parent=8467"}],"wp:term":[{"taxonomy":"product_brand","embeddable":true,"href":"https:\/\/bestcbradio.com\/pt\/wp-json\/wp\/v2\/product_brand?post=8467"},{"taxonomy":"product_cat","embeddable":true,"href":"https:\/\/bestcbradio.com\/pt\/wp-json\/wp\/v2\/product_cat?post=8467"},{"taxonomy":"product_tag","embeddable":true,"href":"https:\/\/bestcbradio.com\/pt\/wp-json\/wp\/v2\/product_tag?post=8467"}],"curies":[{"name":"wp","href":"https:\/\/api.w.org\/{rel}","templated":true}]}}