{"id":9259,"date":"2026-03-12T15:53:54","date_gmt":"2026-03-12T07:53:54","guid":{"rendered":"https:\/\/bestcbradio.com\/?post_type=product&#038;p=9259"},"modified":"2026-04-08T19:24:08","modified_gmt":"2026-04-08T11:24:08","slug":"antena-cb-luiton-lt-an1000w-6","status":"publish","type":"product","link":"https:\/\/bestcbradio.com\/pt\/produto\/antena-cb-luiton-lt-an1000w-6\/","title":{"rendered":"Luiton LT-AC5558 Cabos de programa\u00e7\u00e3o personalizados e software de programa\u00e7\u00e3o"},"content":{"rendered":"<h2 class=\"wp-block-heading\">Sobre este artigo<\/h2><p>Programming cable applicable to the 5558 series<br>If you need programming software, please leave a message and we will send it to your email.<\/p>","protected":false},"excerpt":{"rendered":"<details open>\n<summary>Pontos de venda do produto<\/summary>\n<div class=\"cg-accordion-item\">\nLuiton LT-5558 Customized programming cables and programming software.\n<\/div>\n<\/details>","protected":false},"featured_media":9275,"comment_status":"open","ping_status":"closed","template":"","meta":{"_seopress_robots_primary_cat":"none","_seopress_titles_title":"Luiton LT-AC5558 Customized programming cables and programming software","_seopress_titles_desc":"Luiton LT-AC5558 Customized Programming Cables and Software for 5558 series radios. Programming software available via email. Worldwide shipping available.","_seopress_robots_index":""},"product_brand":[54],"product_cat":[16],"product_tag":[],"class_list":{"0":"post-9259","1":"product","2":"type-product","3":"status-publish","4":"has-post-thumbnail","6":"product_brand-luiton","7":"product_cat-accessories","9":"first","10":"instock","11":"shipping-taxable","12":"purchasable","13":"product-type-variable","14":"has-default-attributes"},"_links":{"self":[{"href":"https:\/\/bestcbradio.com\/pt\/wp-json\/wp\/v2\/product\/9259","targetHints":{"allow":["GET"]}}],"collection":[{"href":"https:\/\/bestcbradio.com\/pt\/wp-json\/wp\/v2\/product"}],"about":[{"href":"https:\/\/bestcbradio.com\/pt\/wp-json\/wp\/v2\/types\/product"}],"replies":[{"embeddable":true,"href":"https:\/\/bestcbradio.com\/pt\/wp-json\/wp\/v2\/comments?post=9259"}],"wp:featuredmedia":[{"embeddable":true,"href":"https:\/\/bestcbradio.com\/pt\/wp-json\/wp\/v2\/media\/9275"}],"wp:attachment":[{"href":"https:\/\/bestcbradio.com\/pt\/wp-json\/wp\/v2\/media?parent=9259"}],"wp:term":[{"taxonomy":"product_brand","embeddable":true,"href":"https:\/\/bestcbradio.com\/pt\/wp-json\/wp\/v2\/product_brand?post=9259"},{"taxonomy":"product_cat","embeddable":true,"href":"https:\/\/bestcbradio.com\/pt\/wp-json\/wp\/v2\/product_cat?post=9259"},{"taxonomy":"product_tag","embeddable":true,"href":"https:\/\/bestcbradio.com\/pt\/wp-json\/wp\/v2\/product_tag?post=9259"}],"curies":[{"name":"wp","href":"https:\/\/api.w.org\/{rel}","templated":true}]}}